{"id":3,"date":"2020-07-14T17:03:39","date_gmt":"2020-07-14T20:03:39","guid":{"rendered":"https:\/\/www.mcacanal.com\/2021\/?page_id=3"},"modified":"2020-07-16T18:34:06","modified_gmt":"2020-07-16T21:34:06","slug":"politica-de-privacidad","status":"publish","type":"page","link":"https:\/\/www.mcacanal.com\/2021\/politica-de-privacidad\/","title":{"rendered":"Pol\u00edticas de Privacidad"},"content":{"rendered":"\n<h2 class=\"wp-block-heading\">Qui\u00e9nes somos<\/h2>\n\n\n\n<p>Somos MCA Canal, nuestra direcci\u00f3n de sitio web es: <strong>www.mcacanal.com<\/strong><\/p>\n\n\n\n<h2 class=\"wp-block-heading\">Contenidos<\/h2>\n\n\n\n<p>Todos los contenidos del Portal, incluyendo, entre otros, textos, gr\u00e1ficos, interfaces de usuario, interfaces visuales, fotograf\u00edas, marcas comerciales, logotipos, sonidos, canciones, ilustraciones, c\u00f3digo de programaci\u00f3n, etc. (en adelante, el \u201ccontenido\u201d), as\u00ed como el dise\u00f1o y organizaci\u00f3n de dicho contenido, comprendidos por el Portal, pertenecen a MCA CANAL, que es quien los controla y autoriza, y est\u00e1n protegidos por leyes de derechos de autor, patentes y marcas comerciales, entre otras.<br><br>A menos que estas condiciones de uso establezcan lo contrario de manera expl\u00edcita, no est\u00e1 permitida la cesi\u00f3n, reproducci\u00f3n, recirculaci\u00f3n, retransmisi\u00f3n, comercializaci\u00f3n y\/o distribuci\u00f3n, en todo o parte, y cualquier forma del contenido del Portal, sin el consentimiento previo escrito por MCA CANAL.<\/p>\n\n\n\n<p>MCA CANAL se reserva el derecho a determinar, modificar, suprimir, suspender y\/o ampliar, en cualquier momento y sin aviso previo, el contenido del Portal y los Servicios que se ofrecen en o a trav\u00e9s del mismo.<\/p>\n\n\n\n<p>El Usuario entiende y acepta que alguno o algunos de los servicios presentados en o a trav\u00e9s del Portal son desarrollados y\/o entregados por terceros.<\/p>\n\n\n\n<h2 class=\"wp-block-heading\">Qu\u00e9 datos personales recopilamos y por qu\u00e9 lo recogemos<\/h2>\n\n\n\n<h3 class=\"wp-block-heading\">Comentarios<\/h3>\n\n\n\n<p>Cuando los visitantes dejan comentarios en el sitio recopilamos los datos mostrados en el formulario de comentarios, y tambi\u00e9n la direcci\u00f3n IP del visitante y la cadena del agente de usuario del navegador para ayudar a la detecci\u00f3n de spam.<\/p>\n\n\n\n<p>Se puede proporcionar una cadena anonimizada creada a partir de su direcci\u00f3n de correo electr\u00f3nico (tambi\u00e9n denominada hash) al servicio gravatar para ver si la est\u00e1 utilizando. La pol\u00edtica de privacidad del servicio gravar est\u00e1 disponible aqu\u00ed: https:\/\/automattic.com\/privacy\/. Despu\u00e9s de la aprobaci\u00f3n de tu comentario, su imagen de perfil es visible para el p\u00fablico en el contexto de tu comentario.<\/p>\n\n\n\n<h3 class=\"wp-block-heading\">Multimedia<\/h3>\n\n\n\n<p>Si subes im\u00e1genes al sitio web, debes evitar cargar im\u00e1genes con datos de ubicaci\u00f3n incrustados (EXIF GPS). Los visitantes del sitio web pueden descargar y extraer los datos de la ubicaci\u00f3n de las im\u00e1genes en el sitio Web.<\/p>\n\n\n\n<h3 class=\"wp-block-heading\">Cookies<\/h3>\n\n\n\n<p>Si deja un Comentario en nuestro sitio puedes optar por guardar tu nombre, direcci\u00f3n de correo electr\u00f3nico y sitio web en cookies. \u00c9stos son para tu conveniencia de modo que no tengas que rellenar tus datos otra vez cuando dejes otro comentario. Estas cookies durar\u00e1n un a\u00f1o.<\/p>\n\n\n\n<p>Si visitas nuestra p\u00e1gina de inicio de sesi\u00f3n, configuraremos una cookie temporal para determinar si tu navegador acepta cookies. Esta cookie no contiene datos personales y se descarta al cerrar el navegador.<\/p>\n\n\n\n<p>Cuando inicies sesi\u00f3n, tambi\u00e9n configuraremos varias cookies para guardar tu informaci\u00f3n de inicio de sesi\u00f3n y sus opciones de visualizaci\u00f3n en pantalla. Las cookies de inicio de sesi\u00f3n duran dos d\u00edas y las cookies de opciones de pantalla duran un a\u00f1o. Si selecciona &#8220;Recordarme&#8221; en tu inicio de sesi\u00f3n se mantendr\u00e1 durante dos semanas. Si cierra la sesi\u00f3n de tu cuenta, se eliminar\u00e1n las cookies de inicio de sesi\u00f3n.<\/p>\n\n\n\n<p>Si editas o publicas un art\u00edculo, una cookie adicional se guardar\u00e1 en tu navegador. Esta cookie no incluye datos personales y simplemente indica el ID de correo del art\u00edculo que acabas de editar. Expira despu\u00e9s de 1 d\u00eda.<\/p>\n\n\n\n<h3 class=\"wp-block-heading\">Contenido incrustado de otros sitios web<\/h3>\n\n\n\n<p>Los art\u00edculos en este sitio pueden incluir contenido incrustado (por ejemplo, videos, im\u00e1genes, art\u00edculos, etc.). El contenido incrustado de otros sitios web se comporta de la misma manera que si el visitante hubiera visitado el otro sitio web.<\/p>\n\n\n\n<p>Estos sitios web pueden recopilar datos sobre ti, utilizar cookies, incrustar un seguimiento adicional de terceros y supervisar tu interacci\u00f3n con ese contenido incrustado, incluido el seguimiento de tu interacci\u00f3n con el contenido incrustado si tiene una cuenta y est\u00e1 conectado a dicho sitio web.<\/p>\n\n\n\n<h2 class=\"wp-block-heading\">Cu\u00e1nto tiempo conservamos tus datos<\/h2>\n\n\n\n<p>Si dejas un comentario, el comentario y sus metadatos se conservan indefinidamente. Esto es para que podamos reconocer y aprobar autom\u00e1ticamente cualquier comentario de seguimiento en lugar de mantenerlos en una cola de moderaci\u00f3n.<\/p>\n\n\n\n<p>Para los usuarios que se registren en nuestro sitio web (si los hay), tambi\u00e9n almacenamos la informaci\u00f3n personal que proporcionan en su perfil de usuario. Todos los usuarios pueden ver, editar o borrar su informaci\u00f3n personal en cualquier momento (excepto que no pueden cambiar su nombre de usuario). Los administradores de sitios web tambi\u00e9n pueden ver y editar esa informaci\u00f3n.<\/p>\n\n\n\n<h2 class=\"wp-block-heading\">Qu\u00e9 derechos tienen sobre sus datos<\/h2>\n\n\n\n<p>Si tienes una cuenta en este sitio, o ha dejado comentarios, puedes solicitar que borremos cualquier dato personal que mantengamos sobre usted. Esto no incluye los datos que estamos obligados a mantener para fines administrativos, legales o de seguridad.<\/p>\n\n\n\n<h2 class=\"wp-block-heading\">D\u00f3nde enviamos tus datos<\/h2>\n\n\n\n<p>Los comentarios de los visitantes se pueden verificar a trav\u00e9s de un servicio autom\u00e1tico de detecci\u00f3n de spam.<\/p>\n\n\n\n<h2 class=\"wp-block-heading\">Informaci\u00f3n adicional<\/h2>\n\n\n\n<h3 class=\"wp-block-heading\">Seguridad<\/h3>\n\n\n\n<p>MCA CANAL no puede asegurar que los archivos u otros datos que se descarguen del Portal no\u00a0contengan virus u otras caracter\u00edsticas destructivas.<br><br>MCA CANAL no es responsable ante el Usuario por el contenido de las p\u00e1ginas web que tengan enlaces o links a esta p\u00e1gina o el contenido de aqu\u00e9llas al que conduzcan los enlaces o links que\u00a0contiene esta p\u00e1gina.<\/p>\n\n\n\n<h3 class=\"wp-block-heading\">Comunicaciones<\/h3>\n\n\n\n<p>Cualquier comunicaci\u00f3n que el usuario(a) deba hacerle a MCA CANAL, podr\u00e1 hacerla enviando una\u00a0carta certificada a nombre de Exhibits S.A, a Los Conquistadores 1956, Providencia, o\u00a0directamente al correo mca@exhibits.cl , o llamando al tel\u00e9fono 223338511 en horario h\u00e1bil.\u00a0<\/p>\n","protected":false},"excerpt":{"rendered":"<p>Qui\u00e9nes somos Somos MCA Canal, nuestra direcci\u00f3n de sitio web es: www.mcacanal.com Contenidos Todos los [&hellip;]<\/p>\n","protected":false},"author":1303,"featured_media":0,"parent":0,"menu_order":0,"comment_status":"closed","ping_status":"closed","template":"","meta":{"footnotes":""},"class_list":["post-3","page","type-page","status-publish","hentry"],"_links":{"self":[{"href":"https:\/\/www.mcacanal.com\/2021\/wp-json\/wp\/v2\/pages\/3"}],"collection":[{"href":"https:\/\/www.mcacanal.com\/2021\/wp-json\/wp\/v2\/pages"}],"about":[{"href":"https:\/\/www.mcacanal.com\/2021\/wp-json\/wp\/v2\/types\/page"}],"author":[{"embeddable":true,"href":"https:\/\/www.mcacanal.com\/2021\/wp-json\/wp\/v2\/users\/1303"}],"replies":[{"embeddable":true,"href":"https:\/\/www.mcacanal.com\/2021\/wp-json\/wp\/v2\/comments?post=3"}],"version-history":[{"count":2,"href":"https:\/\/www.mcacanal.com\/2021\/wp-json\/wp\/v2\/pages\/3\/revisions"}],"predecessor-version":[{"id":14631,"href":"https:\/\/www.mcacanal.com\/2021\/wp-json\/wp\/v2\/pages\/3\/revisions\/14631"}],"wp:attachment":[{"href":"https:\/\/www.mcacanal.com\/2021\/wp-json\/wp\/v2\/media?parent=3"}],"curies":[{"name":"wp","href":"https:\/\/api.w.org\/{rel}","templated":true}]}}