{"id":1510,"date":"2016-09-13T12:16:45","date_gmt":"2016-09-13T12:16:45","guid":{"rendered":"http:\/\/anthemes.com\/themes\/pin\/full\/?page_id=1510"},"modified":"2020-07-20T19:06:09","modified_gmt":"2020-07-20T22:06:09","slug":"post-management","status":"publish","type":"page","link":"https:\/\/www.mcacanal.com\/2021\/post-management\/","title":{"rendered":"Administraci\u00f3n de art\u00edculos"},"content":{"rendered":"<p>En esta secci\u00f3n puede revisar los art\u00edculos con los que ha colaborado.<\/p>\n<p>[wpfepp_post_table form=&#8221;1&#8243;]<\/p>\n","protected":false},"excerpt":{"rendered":"<p>En esta secci\u00f3n puede revisar los art\u00edculos con los que ha colaborado. [wpfepp_post_table form=&#8221;1&#8243;]<\/p>\n","protected":false},"author":1303,"featured_media":0,"parent":0,"menu_order":0,"comment_status":"closed","ping_status":"closed","template":"","meta":{"footnotes":""},"class_list":["post-1510","page","type-page","status-publish","hentry"],"_links":{"self":[{"href":"https:\/\/www.mcacanal.com\/2021\/wp-json\/wp\/v2\/pages\/1510"}],"collection":[{"href":"https:\/\/www.mcacanal.com\/2021\/wp-json\/wp\/v2\/pages"}],"about":[{"href":"https:\/\/www.mcacanal.com\/2021\/wp-json\/wp\/v2\/types\/page"}],"author":[{"embeddable":true,"href":"https:\/\/www.mcacanal.com\/2021\/wp-json\/wp\/v2\/users\/1303"}],"replies":[{"embeddable":true,"href":"https:\/\/www.mcacanal.com\/2021\/wp-json\/wp\/v2\/comments?post=1510"}],"version-history":[{"count":3,"href":"https:\/\/www.mcacanal.com\/2021\/wp-json\/wp\/v2\/pages\/1510\/revisions"}],"predecessor-version":[{"id":14783,"href":"https:\/\/www.mcacanal.com\/2021\/wp-json\/wp\/v2\/pages\/1510\/revisions\/14783"}],"wp:attachment":[{"href":"https:\/\/www.mcacanal.com\/2021\/wp-json\/wp\/v2\/media?parent=1510"}],"curies":[{"name":"wp","href":"https:\/\/api.w.org\/{rel}","templated":true}]}}