{"id":1508,"date":"2016-09-13T12:16:17","date_gmt":"2016-09-13T12:16:17","guid":{"rendered":"http:\/\/anthemes.com\/themes\/pin\/full\/?page_id=1508"},"modified":"2021-06-07T15:20:32","modified_gmt":"2021-06-07T18:20:32","slug":"post-submission","status":"publish","type":"page","link":"https:\/\/www.mcacanal.com\/2021\/post-submission\/","title":{"rendered":"Publicar art\u00edculo"},"content":{"rendered":"<p>[symple_box style=&#8221;boxnotice&#8221;]<br \/>\nLos contenidos no quedar\u00e1n inmediatamente publicados, ya que pasar\u00e1n por un proceso de moderaci\u00f3n y\/o edici\u00f3n antes de quedar disponibles para toda la comunidad de MCA Canal.<br \/>\n[\/symple_box]<\/p>\n<p>[wpfepp_submission_form form=&#8221;1&#8243;]<\/p>\n<p>[slr_login]<\/p>\n","protected":false},"excerpt":{"rendered":"<p>[symple_box style=&#8221;boxnotice&#8221;] Los contenidos no quedar\u00e1n inmediatamente publicados, ya que pasar\u00e1n por un proceso de [&hellip;]<\/p>\n","protected":false},"author":1303,"featured_media":0,"parent":0,"menu_order":0,"comment_status":"closed","ping_status":"closed","template":"","meta":{"footnotes":""},"class_list":["post-1508","page","type-page","status-publish","hentry"],"_links":{"self":[{"href":"https:\/\/www.mcacanal.com\/2021\/wp-json\/wp\/v2\/pages\/1508"}],"collection":[{"href":"https:\/\/www.mcacanal.com\/2021\/wp-json\/wp\/v2\/pages"}],"about":[{"href":"https:\/\/www.mcacanal.com\/2021\/wp-json\/wp\/v2\/types\/page"}],"author":[{"embeddable":true,"href":"https:\/\/www.mcacanal.com\/2021\/wp-json\/wp\/v2\/users\/1303"}],"replies":[{"embeddable":true,"href":"https:\/\/www.mcacanal.com\/2021\/wp-json\/wp\/v2\/comments?post=1508"}],"version-history":[{"count":2,"href":"https:\/\/www.mcacanal.com\/2021\/wp-json\/wp\/v2\/pages\/1508\/revisions"}],"predecessor-version":[{"id":14666,"href":"https:\/\/www.mcacanal.com\/2021\/wp-json\/wp\/v2\/pages\/1508\/revisions\/14666"}],"wp:attachment":[{"href":"https:\/\/www.mcacanal.com\/2021\/wp-json\/wp\/v2\/media?parent=1508"}],"curies":[{"name":"wp","href":"https:\/\/api.w.org\/{rel}","templated":true}]}}